{"id":167,"date":"2016-10-31T16:51:04","date_gmt":"2016-10-31T15:51:04","guid":{"rendered":"http:\/\/morganeespacebeaute.fr\/?page_id=167"},"modified":"2016-12-13T17:08:12","modified_gmt":"2016-12-13T16:08:12","slug":"soins-des-mains-soins-des-pieds","status":"publish","type":"page","link":"http:\/\/morganeespacebeaute.fr\/?page_id=167","title":{"rendered":"SOINS DES MAINS &#8211; SOINS DES PIEDS"},"content":{"rendered":"<p>&nbsp;<\/p>\n<p><em><strong>Prenez soin de vos mains c&rsquo;est votre plus bel outil de travail<\/strong><\/em><\/p>\n<p>&nbsp;<\/p>\n<p><img decoding=\"async\" loading=\"lazy\" class=\"alignright wp-image-170 \" src=\"http:\/\/morganeespacebeaute.fr\/wp-content\/uploads\/2016\/10\/pexels-photo-large-e1477928799218-300x139.jpg\" alt=\"pexels-photo-large\" width=\"313\" height=\"145\" srcset=\"http:\/\/morganeespacebeaute.fr\/wp-content\/uploads\/2016\/10\/pexels-photo-large-e1477928799218-300x139.jpg 300w, http:\/\/morganeespacebeaute.fr\/wp-content\/uploads\/2016\/10\/pexels-photo-large-e1477928799218-370x172.jpg 370w, http:\/\/morganeespacebeaute.fr\/wp-content\/uploads\/2016\/10\/pexels-photo-large-e1477928799218.jpg 732w\" sizes=\"(max-width: 313px) 100vw, 313px\" \/><\/p>\n<ul>\n<li><span style=\"text-decoration: underline;\"><strong>SOINS DES MAINS<\/strong><\/span><\/li>\n<\/ul>\n<p><strong>\u00a0 \u00a0 \u00a0 \u00a0 \u00a0 Beaut\u00e9 des mains 24\u20ac<\/strong><\/p>\n<p><strong>\u00a0 \u00a0 \u00a0 \u00a0 \u00a0 Soin Sublimant des\u00a0mains PAYOT \u00a059\u20ac<\/strong><\/p>\n<p>&nbsp;<\/p>\n<p>&nbsp;<\/p>\n<p>&nbsp;<\/p>\n<ul>\n<li><span style=\"text-decoration: underline;\"><strong>SOINS DES PIEDS<\/strong><\/span><\/li>\n<\/ul>\n<p><img decoding=\"async\" loading=\"lazy\" class=\" wp-image-169 alignright\" src=\"http:\/\/morganeespacebeaute.fr\/wp-content\/uploads\/2016\/10\/logocallus-300x118.png\" alt=\"logocallus\" width=\"117\" height=\"46\" srcset=\"http:\/\/morganeespacebeaute.fr\/wp-content\/uploads\/2016\/10\/logocallus-300x118.png 300w, http:\/\/morganeespacebeaute.fr\/wp-content\/uploads\/2016\/10\/logocallus-370x145.png 370w, http:\/\/morganeespacebeaute.fr\/wp-content\/uploads\/2016\/10\/logocallus.png 415w\" sizes=\"(max-width: 117px) 100vw, 117px\" \/><\/p>\n<p><span style=\"color: #000000;\"><strong>\u00a0 \u00a0 \u00a0 \u00a0 Calluspeeling 39\u20ac \u00a0<\/strong><\/span>\u00c9limine compl\u00e8tement callosit\u00e9, durillons,crevasses pour des pieds sains.<\/p>\n<p><strong>\u00a0 \u00a0 \u00a0 \u00a0 Beaut\u00e9 des pieds 38\u20ac<\/strong><\/p>\n<p><strong>\u00a0 \u00a0 \u00a0 \u00a0 Soin Sublimant des pieds PAYOT 65\u20ac<\/strong><\/p>\n<p>&nbsp;<\/p>\n<p>&nbsp;<\/p>\n<p>&nbsp;<\/p>\n<p>&nbsp;<\/p>\n<p><strong>\u00a0 \u00a0 \u00a0 \u00a0 Coupe et limage ongles mains ou pied 6\u20ac<\/strong><\/p>\n<p>&nbsp;<\/p>\n","protected":false},"excerpt":{"rendered":"<p>&nbsp; Prenez soin de vos mains c&rsquo;est votre plus bel outil de travail &nbsp; SOINS DES MAINS \u00a0 \u00a0 \u00a0 \u00a0 \u00a0 Beaut\u00e9 des mains 24\u20ac \u00a0 \u00a0 \u00a0 \u00a0 \u00a0 Soin Sublimant des\u00a0mains PAYOT[&#8230;]<\/p>\n","protected":false},"author":1,"featured_media":0,"parent":0,"menu_order":0,"comment_status":"closed","ping_status":"closed","template":"","meta":{"footnotes":""},"_links":{"self":[{"href":"http:\/\/morganeespacebeaute.fr\/index.php?rest_route=\/wp\/v2\/pages\/167"}],"collection":[{"href":"http:\/\/morganeespacebeaute.fr\/index.php?rest_route=\/wp\/v2\/pages"}],"about":[{"href":"http:\/\/morganeespacebeaute.fr\/index.php?rest_route=\/wp\/v2\/types\/page"}],"author":[{"embeddable":true,"href":"http:\/\/morganeespacebeaute.fr\/index.php?rest_route=\/wp\/v2\/users\/1"}],"replies":[{"embeddable":true,"href":"http:\/\/morganeespacebeaute.fr\/index.php?rest_route=%2Fwp%2Fv2%2Fcomments&post=167"}],"version-history":[{"count":17,"href":"http:\/\/morganeespacebeaute.fr\/index.php?rest_route=\/wp\/v2\/pages\/167\/revisions"}],"predecessor-version":[{"id":182,"href":"http:\/\/morganeespacebeaute.fr\/index.php?rest_route=\/wp\/v2\/pages\/167\/revisions\/182"}],"wp:attachment":[{"href":"http:\/\/morganeespacebeaute.fr\/index.php?rest_route=%2Fwp%2Fv2%2Fmedia&parent=167"}],"curies":[{"name":"wp","href":"https:\/\/api.w.org\/{rel}","templated":true}]}}