{"id":133,"date":"2016-10-31T15:19:52","date_gmt":"2016-10-31T14:19:52","guid":{"rendered":"http:\/\/morganeespacebeaute.fr\/?page_id=133"},"modified":"2016-11-02T20:11:55","modified_gmt":"2016-11-02T19:11:55","slug":"espace-esthetique","status":"publish","type":"page","link":"http:\/\/morganeespacebeaute.fr\/?page_id=133","title":{"rendered":"ESPACE ESTHETIQUE"},"content":{"rendered":"<p>&nbsp;<\/p>\n<p><strong><em>Parce que le bien \u00eatre passe aussi par la beaut\u00e9 du corps .<\/em><\/strong><\/p>\n<p>&nbsp;<\/p>\n<ul>\n<li><a href=\"http:\/\/morganeespacebeaute.fr\/?page_id=137\">Espace Epilation<\/a><\/li>\n<\/ul>\n<p>&nbsp;<\/p>\n<ul>\n<li><a href=\"http:\/\/morganeespacebeaute.fr\/?page_id=144\">Beaut\u00e9 du regard<\/a><\/li>\n<\/ul>\n<p>&nbsp;<\/p>\n<ul>\n<li><a href=\"http:\/\/morganeespacebeaute.fr\/?page_id=167\">Soins des Mains &#8211; Soins des Pieds<\/a><\/li>\n<\/ul>\n<p>&nbsp;<\/p>\n<ul>\n<li><a href=\"http:\/\/morganeespacebeaute.fr\/?page_id=154\">Maquillage<\/a><\/li>\n<\/ul>\n<p>&nbsp;<\/p>\n<p>&nbsp;<\/p>\n<p>&nbsp;<\/p>\n<p>&nbsp;<\/p>\n<p>&nbsp;<\/p>\n<p>&nbsp;<\/p>\n<p>&nbsp;<\/p>\n<p>&nbsp;<\/p>\n","protected":false},"excerpt":{"rendered":"<p>&nbsp; Parce que le bien \u00eatre passe aussi par la beaut\u00e9 du corps . &nbsp; Espace Epilation &nbsp; Beaut\u00e9 du regard &nbsp; Soins des Mains &#8211; Soins des Pieds &nbsp; Maquillage &nbsp; &nbsp; &nbsp; &nbsp;[&#8230;]<\/p>\n","protected":false},"author":1,"featured_media":0,"parent":0,"menu_order":0,"comment_status":"closed","ping_status":"closed","template":"","meta":{"footnotes":""},"_links":{"self":[{"href":"http:\/\/morganeespacebeaute.fr\/index.php?rest_route=\/wp\/v2\/pages\/133"}],"collection":[{"href":"http:\/\/morganeespacebeaute.fr\/index.php?rest_route=\/wp\/v2\/pages"}],"about":[{"href":"http:\/\/morganeespacebeaute.fr\/index.php?rest_route=\/wp\/v2\/types\/page"}],"author":[{"embeddable":true,"href":"http:\/\/morganeespacebeaute.fr\/index.php?rest_route=\/wp\/v2\/users\/1"}],"replies":[{"embeddable":true,"href":"http:\/\/morganeespacebeaute.fr\/index.php?rest_route=%2Fwp%2Fv2%2Fcomments&post=133"}],"version-history":[{"count":5,"href":"http:\/\/morganeespacebeaute.fr\/index.php?rest_route=\/wp\/v2\/pages\/133\/revisions"}],"predecessor-version":[{"id":172,"href":"http:\/\/morganeespacebeaute.fr\/index.php?rest_route=\/wp\/v2\/pages\/133\/revisions\/172"}],"wp:attachment":[{"href":"http:\/\/morganeespacebeaute.fr\/index.php?rest_route=%2Fwp%2Fv2%2Fmedia&parent=133"}],"curies":[{"name":"wp","href":"https:\/\/api.w.org\/{rel}","templated":true}]}}